{"id":149,"date":"2019-08-04T07:50:18","date_gmt":"2019-08-04T07:50:18","guid":{"rendered":"http:\/\/luz.ch\/page\/?page_id=149"},"modified":"2019-08-04T08:01:19","modified_gmt":"2019-08-04T08:01:19","slug":"camping","status":"publish","type":"page","link":"https:\/\/luz.ch\/page\/camping\/","title":{"rendered":"Camping"},"content":{"rendered":"\n<p>TCS Camping<strong> Sempach, <\/strong>Schweiz<br>Grosser Camping-Platz direkt am Sempachersee. Es gibt einen kleinen Sandstrand beim Platz und ein sch\u00f6nes Seebad mit Sandstrand neben dem Restaurant. Das Restaurant Seeland hat Selbstbedienung, Essen ist ok. Im Restaurant gibt auch einen kleinen Laden mit dem N\u00f6tigsten. Viele Kinder und Animation in der Hochsaison.<br><a rel=\"noreferrer noopener\" aria-label=\"tcs.ch \/ Sempach (\u00f6ffnet in neuem Tab)\" href=\"https:\/\/www.tcs.ch\/de\/camping-reisen\/camping-insider\/campingplaetze\/tcs-campingplaetze\/campingplatz-sempach.php\" target=\"_blank\">tcs.ch \/ Sempach<\/a><br><a href=\"http:\/\/seelandsempach.ch\/\" target=\"_blank\" rel=\"noreferrer noopener\" aria-label=\"seelandsempach.ch (\u00f6ffnet in neuem Tab)\">seelandsempach.ch<\/a><\/p>\n\n\n\n<p>TCS Camping <strong>B\u00f6nigen<\/strong>, Schweiz<br>Kleiner Zeltplatz direkt am Brienzersee. Seebadi in der N\u00e4he. Einfaches Restaurant mit kleinem Shop auf dem Platz. Ideal f\u00fcr Ausfl\u00fcge und Wanderungen im Berner Oberland. Der Regional-Pass ist empfehlenswert, aber teuer!<br><a rel=\"noreferrer noopener\" aria-label=\"tcs.ch \/ B\u00f6nigen (\u00f6ffnet in neuem Tab)\" href=\"https:\/\/www.tcs.ch\/de\/camping-reisen\/camping-insider\/campingplaetze\/tcs-campingplaetze\/campingplatz-boenigen-interlaken.php\" target=\"_blank\">tcs.ch \/ B\u00f6nigen<\/a><br><a href=\"https:\/\/www.regionalpass-berneroberland.ch\/\" target=\"_blank\" rel=\"noreferrer noopener\" aria-label=\"regionalpass-berneroberland.ch (\u00f6ffnet in neuem Tab)\">regionalpass-berneroberland.ch<\/a><\/p>\n\n\n\n<p>Camping <strong>Hopfr\u00e4ben, Brunnen, <\/strong>Schweiz<br>Kleiner Campingplatz direkt am Vierwaldst\u00e4ttersee. Bei Doris und Jean-Pierre f\u00fchlt man sich wohl!<br>Das kleine Bistro bietet Getr\u00e4nke und einfache Speisen. Offen vom April bis September.<br>Viele Ausflugm\u00f6glichkeiten in der N\u00e4he. Einkaufen bei der Metzgerei Felder in Schwyz und Z\u2019graggen Distillerie, Lauerz.<br><a rel=\"noreferrer noopener\" aria-label=\"camping-hopfraeben.ch (\u00f6ffnet in neuem Tab)\" href=\"http:\/\/camping-hopfraeben.ch\/\" target=\"_blank\">camping-hopfraeben.ch<\/a><br><a rel=\"noreferrer noopener\" aria-label=\"swisstell.ch (\u00f6ffnet in neuem Tab)\" href=\"https:\/\/www.swisstell.ch\/\" target=\"_blank\">swisstell.ch<\/a><br><a href=\"https:\/\/www.zgraggen.ch\/\" target=\"_blank\" rel=\"noreferrer noopener\" aria-label=\"zgraggen.ch (\u00f6ffnet in neuem Tab)\">zgraggen.ch<\/a><\/p>\n\n\n\n<p>TCS Camping <strong>Scuol<\/strong>, Graub\u00fcnden, Schweiz<br>Sch\u00f6ner Platz im Wald mit kleinem Restaurant. Scoul bietet ein Thermalbad f\u00fcr schlechtes Wetter.<br>Wanderungen in Scuol oder ein Ausflug nach Samnaun zum Shoppen. Sch\u00f6ne Wanderungen zB: Lai Nair, Motta Naluns-Ftan, Schellen-Ursli in Guarda. Das Freibad Vulpera ist zu Fuss in zirka 20 Minuten erreichbar.<br><a href=\"https:\/\/www.tcs.ch\/de\/camping-reisen\/camping-insider\/campingplaetze\/tcs-campingplaetze\/campingplatz-scuol.php\" target=\"_blank\" rel=\"noreferrer noopener\" aria-label=\"tcs.ch \/ scuol (\u00f6ffnet in neuem Tab)\">tcs.ch \/ scuol<\/a><\/p>\n\n\n\n<p>Camping <strong>Hopfensee, F\u00fcssen<\/strong>, Deutschland<br>5 Stern Campingplatz nur f\u00fcr Wohnwagen und Caravans (keine Zelte). Wundersch\u00f6n gelegen direkt am kleinen Hopfensee. Eigenes Hallenbad und grosser Indoor- und Outdoor Spielplatz.<br>Besichtigung der K\u00f6nigsschl\u00f6sser Schloss Neuschwanstein und Schloss Hohenschwangau ist schon fast ein Muss. Im kleine Dorf Hopfen am See gibt\u2019s einige gem\u00fctliche Restaurants, zB nach einem Spaziergang um den See.<br><a href=\"https:\/\/www.camping-hopfensee.de\/\" target=\"_blank\" rel=\"noreferrer noopener\" aria-label=\"camping-hopfensee.de (\u00f6ffnet in neuem Tab)\">camping-hopfensee.de<\/a><\/p>\n\n\n\n<p>Camping <strong>Hegau<\/strong>, Deutschland<br>Der Hegi Familien Camping bietet viel f\u00fcr Kinder. Kleiner Badesee, Hallenbad, Spielzelt, gute Animation mit Kindedisco, Minigolf etc. In der N\u00e4he der Schweizer Grenze (Schaffhausen)<br><a href=\"http:\/\/www.hegi-camping.de\/\" target=\"_blank\" rel=\"noreferrer noopener\" aria-label=\"hegi camping (\u00f6ffnet in neuem Tab)\">hegi camping<\/a><\/p>\n\n\n\n<p>TCS Camping <strong>Viamala<\/strong>, Thusis, Graub\u00fcnden Schweiz<br>Sch\u00f6ner Platz direkt am Hinterrhein und sch\u00f6n im Wald gelegen. Sehr freundliches Personel.<br>weiteres folgt&#8230;<br><a href=\"https:\/\/www.tcs.ch\/de\/camping-reisen\/camping-insider\/campingplaetze\/tcs-campingplaetze\/campingplatz-thusis-viamala.php\" target=\"_blank\" rel=\"noreferrer noopener\" aria-label=\"tcs.ch \/ Viamala (\u00f6ffnet in neuem Tab)\">tcs.ch \/ Viamala<\/a><\/p>\n\n\n\n<p><strong>Freizeitpark Oberrhein<\/strong>, Rheinm\u00fcnster, Deutschland<br>Sehr grosser Campingplatz in der N\u00e4he von Baden-Baden. Der Rhein ist gleich in der N\u00e4he. Hat 2 sch\u00f6ne Badesees, mieten von StandupPaddles auf Platz. Zwei Restaurants auf dem Gel\u00e4nde bieten vom kleinen Imbiss bis zum feinen Men\u00fc die ganze Bandbreite der Gastronomie. Auch ein kleiner Laden mit frischen Brot gibt\u2019s.<br>Die sanit\u00e4ren Anlagen sind sehr sauber und werden st\u00e4ndig geputzt. Sehr gut geeignet f\u00fcr Kinder, die Animation bietet Einiges.<br><a href=\"https:\/\/www.freizeitcenter-oberrhein.de\/de\/index.html\" target=\"_blank\" rel=\"noreferrer noopener\" aria-label=\"freizeitcenter-oberrhein.de (\u00f6ffnet in neuem Tab)\">freizeitcenter-oberrhein.de<\/a><\/p>\n\n\n\n<p>Camping <strong>Legoland<\/strong>, G\u00fcnzburg, Deutschland<br>Einfacher Stellplatz f\u00fcrs Legoland. Essen kann man in den 3 Themen-Restaurants vom Resort. Es ist nur ein kurzer Spaziergang (10 Minuten) zum Hintereingang vom Legoland. Ein Paradies f\u00fcr Kinder sowohl das Legoland wie auch das Resort.<br><a href=\"https:\/\/www.legolandholidays.de\/\" target=\"_blank\" rel=\"noreferrer noopener\" aria-label=\"legolandholidays.de (\u00f6ffnet in neuem Tab)\">legolandholidays.de<\/a><\/p>\n\n\n\n<p>Camping <strong>Europapark<\/strong>, Rust, Deutschland<br>Grosser Stellplatz f\u00fcr den Europapark. Leider kann nicht reserviert werden und in der Hochsaison (Schulferien) oder Wochenenden ist der Platz schnell belegt. Nur 5 Gehminuten zum Europapark Haupteingang.<br><a href=\"https:\/\/www.europapark.de\/de\/hotels\/europa-park-camping\" target=\"_blank\" rel=\"noreferrer noopener\" aria-label=\"europapark.de\/de\/hotels\/europa-park-camping (\u00f6ffnet in neuem Tab)\">europapark.de\/de\/hotels\/europa-park-camping<\/a><\/p>\n","protected":false},"excerpt":{"rendered":"<p>TCS Camping Sempach, SchweizGrosser Camping-Platz direkt am Sempachersee. Es gibt einen kleinen Sandstrand beim Platz und ein sch\u00f6nes Seebad mit Sandstrand neben dem Restaurant. Das Restaurant Seeland hat Selbstbedienung, Essen ist ok. Im Restaurant&#46;&#46;&#46;<\/p>\n","protected":false},"author":1,"featured_media":0,"parent":0,"menu_order":0,"comment_status":"closed","ping_status":"closed","template":"","meta":{"footnotes":""},"class_list":["post-149","page","type-page","status-publish","hentry"],"_links":{"self":[{"href":"https:\/\/luz.ch\/page\/wp-json\/wp\/v2\/pages\/149","targetHints":{"allow":["GET"]}}],"collection":[{"href":"https:\/\/luz.ch\/page\/wp-json\/wp\/v2\/pages"}],"about":[{"href":"https:\/\/luz.ch\/page\/wp-json\/wp\/v2\/types\/page"}],"author":[{"embeddable":true,"href":"https:\/\/luz.ch\/page\/wp-json\/wp\/v2\/users\/1"}],"replies":[{"embeddable":true,"href":"https:\/\/luz.ch\/page\/wp-json\/wp\/v2\/comments?post=149"}],"version-history":[{"count":2,"href":"https:\/\/luz.ch\/page\/wp-json\/wp\/v2\/pages\/149\/revisions"}],"predecessor-version":[{"id":154,"href":"https:\/\/luz.ch\/page\/wp-json\/wp\/v2\/pages\/149\/revisions\/154"}],"wp:attachment":[{"href":"https:\/\/luz.ch\/page\/wp-json\/wp\/v2\/media?parent=149"}],"curies":[{"name":"wp","href":"https:\/\/api.w.org\/{rel}","templated":true}]}}