{"id":144,"date":"2019-08-04T07:38:24","date_gmt":"2019-08-04T07:38:24","guid":{"rendered":"http:\/\/luz.ch\/page\/?page_id=144"},"modified":"2019-08-04T07:38:25","modified_gmt":"2019-08-04T07:38:25","slug":"familienhotels-am-meer","status":"publish","type":"page","link":"https:\/\/luz.ch\/page\/familienhotels-am-meer\/","title":{"rendered":"Familienhotels am Meer"},"content":{"rendered":"\n<p><strong>Sotavento Beach Club<\/strong>, Costa Calma, <strong>Fuerteventura<\/strong><br>Sch\u00f6nes Hotel direkt am Meer. kleiner Sandstrand mit einigen Steinen. Sch\u00f6nerer grosser Sandstrand ist rechts um Klippe rum zirka 100 Meter (Flut\/Ebbe beachten). Das Hotel ist sehr gut geeignet f\u00fcr kleine Kinder. Sehr gute Animation, nicht aufdringlich und gute Unterhaltung (Musicals) am Abend. Kinderdisco ist ok. Die G\u00e4ste sind mehrheitlich Deutsche. Die Zimmer in den 2-st\u00f6ckigen Bungalows sind f\u00fcr 2 Erwachsene und 2 Kinder geeignet. Essen ist absolut ok, f\u00fcr Kinder gibt\u2019s ein eigenes Buffet. <br>Costa Calma bietet nicht viel. Nur einige kleine L\u00e4den und wenige Restaurants. Ein Ausflug nach Morro Jable zum Shoppen lohnt sich. In der N\u00e4he gibt\u2019s ein sch\u00f6ner Zoo (Oasis Wildlife). Man darf sogar die Krokodile streicheln!<br>Achtung im Sommer gibt es auf Fuerteventura viel Wind. M\u00e4rz \/ April ist ok. <br>Fahrt vom Flughafen zum Hotel dauert zirka 1 Stunde.<br><a href=\"https:\/\/www.sotaventobeachclub.com\/de\/\" target=\"_blank\" rel=\"noreferrer noopener\" aria-label=\"www.sotaventobeachclub.com\/de\/ (\u00f6ffnet in neuem Tab)\">www.sotaventobeachclub.com\/de\/<\/a><\/p>\n\n\n\n<p>Club Calimera <strong>Akassia Swiss<\/strong> Resort \/ Lti Akassia Beach, El Quseir, <strong>\u00c4gypten<\/strong><br>Sehr grosses Hotel direkt am Meer mit grossem Wasserpark. Sandstrand und sch\u00f6nes Riff zum Schnorcheln.<br>Viele M\u00f6glichkeiten zum Sport treiben: Tennis, Reiten, Tauchen etc. <br>Essen ist ok.<\/p>\n\n\n\n<p><strong>Viva Sunrise<\/strong>, Alcudia, <strong>Mallorca<\/strong><br>Das Aparthotel ist rund 400 m vom wundersch\u00f6nen, flach abfallenden Sandstrand entfernt. Mehrheitlich Holl\u00e4ndische G\u00e4ste.<br>Gut geeignet f\u00fcr kleine Kinder. Das Pool ist ok, Wasserspielplatz mit Rutschen.<\/p>\n\n\n\n<p>Iberostar <strong>Ciudad Blanca<\/strong>, Alcudia, <strong>Mallorca<\/strong><br>Das Hotel ist nur durch die Promenade vom sch\u00f6nen, sehr grossem Sandstrand getrennt.<br>Essen ok, leider Saal zu klein bei vielen Personen. Die Pools sind eher kalt. Liegen am Strand m\u00fcssen gemietet werden.<br>Tipp f\u00fcr Herbstferien: weniger Leute am Strand und Meerwasser noch gen\u00fcgend warm.<br>Port d\u2019Alcudia ist zum Shoppen ideal. Es hat auch einige sch\u00f6ne Restaurants. Lustig sind die Familienvelos (Tretmobil) f\u00fcr 4 \u2013 6 Personen.<\/p>\n\n\n\n<p>Calimera <strong>Sirens Beach<\/strong>, Malia, <strong>Kreta<\/strong><br>Wundersch\u00f6ne Hotelanlage mit 2 Teilen (Italienisch, Deutsch). Im Herbst sind nur noch Deutsche G\u00e4ste und die deutsche Animation anwesend.<br>Direkt am Meer mit eigenen Liegest\u00fchlen. Animationsteam ist Spitzenklasse.<br>Das Essen ist gut. Sehr gut ist die griechische Ecke mit frischer Zubereitung.<br>Anfahrt vom Flughafen dauert ungef\u00e4hr 45 Minuten.<br>Die Familienzimmer sind f\u00fcr 2 Erwachsene und 2 Kinder geeignet.<br>Malia ist in der Hochsaison (Sommerferien) nicht zu empfehlen. Da hat es zu viele junge englische und deutsche Touristen. Aber im Herbst sind die vielen Discos geschlossen und nur noch die kleinen L\u00e4den und einige Restaurants ge\u00f6ffnet. Mitten in Malia gibt es einen kleinen Zug (Happy Train). Der f\u00e4hrt durch Malia und andere kleine D\u00f6rfer. F\u00fcr 12 Euro pro Person kann man viel sehen.<\/p>\n\n\n\n<p><strong>Delphin Palace<\/strong>, Lara ,<strong>T\u00fcrkei<\/strong><br>Grosses Hotel direkt am sch\u00f6nen Sandstrand. Pools sind gross und Wasser gen\u00fcgend warm, ausser dem kalten Kinderpool. Doppelzimmer f\u00fcr 2 Erwachsene und 2 Kinder eher klein.<br>Essen ist sehr gut, Buffet mit reichlicher Auswahl. Bei den St\u00e4nden bzw. Bars kann man sich den ganzen Tag verpflegen. Der Sandstrand ist wundersch\u00f6n und das Wasser im Herbst noch gen\u00fcgend warm.<br>Zum Geniessen am Abend auf dem Pier gibt gute Drinks.<\/p>\n\n\n\n<p><strong>Lindos Princess<\/strong> Beach, Lardos, <strong>Rhodos<\/strong><br>Sch\u00f6nes Kinderhotel mit 2-st\u00fcckigen Bungalows und 3 grossen Pools. Gute Animation, nicht aufdringlich. Shows am Abend sind ok. Tolle Kinderdisco. Essen ist gut, Auswahl an Speisen ist gen\u00fcgend. Angebot von all inklusive Getr\u00e4nken d\u00fcrfte gr\u00f6sser sein. Bier und einfache Cocktails gibt\u2019s.<br>Die Doppelzimmer sind f\u00fcr 2 Erwachsene und 2 Kinder gen\u00fcgend gross. Der Kies-Strand ist direkt vor dem Hotel und die Liegest\u00fchle geh\u00f6ren dazu. <br>In der N\u00e4he hat\u2019s ein paar kleine L\u00e4den. Zum Shoppen lohnt sich ein Ausflug nach Rhodos Stadt. Auch die Akropolis von Lindos ist sehenswert und die Restaurants auf den D\u00e4chern laden zum Geniessen ein.<\/p>\n\n\n\n<p><\/p>\n","protected":false},"excerpt":{"rendered":"<p>Sotavento Beach Club, Costa Calma, FuerteventuraSch\u00f6nes Hotel direkt am Meer. kleiner Sandstrand mit einigen Steinen. Sch\u00f6nerer grosser Sandstrand ist rechts um Klippe rum zirka 100 Meter (Flut\/Ebbe beachten). Das Hotel ist sehr gut geeignet&#46;&#46;&#46;<\/p>\n","protected":false},"author":1,"featured_media":0,"parent":0,"menu_order":0,"comment_status":"closed","ping_status":"closed","template":"","meta":{"footnotes":""},"class_list":["post-144","page","type-page","status-publish","hentry"],"_links":{"self":[{"href":"https:\/\/luz.ch\/page\/wp-json\/wp\/v2\/pages\/144","targetHints":{"allow":["GET"]}}],"collection":[{"href":"https:\/\/luz.ch\/page\/wp-json\/wp\/v2\/pages"}],"about":[{"href":"https:\/\/luz.ch\/page\/wp-json\/wp\/v2\/types\/page"}],"author":[{"embeddable":true,"href":"https:\/\/luz.ch\/page\/wp-json\/wp\/v2\/users\/1"}],"replies":[{"embeddable":true,"href":"https:\/\/luz.ch\/page\/wp-json\/wp\/v2\/comments?post=144"}],"version-history":[{"count":1,"href":"https:\/\/luz.ch\/page\/wp-json\/wp\/v2\/pages\/144\/revisions"}],"predecessor-version":[{"id":145,"href":"https:\/\/luz.ch\/page\/wp-json\/wp\/v2\/pages\/144\/revisions\/145"}],"wp:attachment":[{"href":"https:\/\/luz.ch\/page\/wp-json\/wp\/v2\/media?parent=144"}],"curies":[{"name":"wp","href":"https:\/\/api.w.org\/{rel}","templated":true}]}}